{"id":9280,"date":"2022-11-25T11:13:43","date_gmt":"2022-11-25T10:13:43","guid":{"rendered":"https:\/\/www.guetegemeinschaft-flachglas.de\/liste-guetezeichentraeger-esg-hf\/"},"modified":"2023-01-26T15:10:16","modified_gmt":"2023-01-26T14:10:16","slug":"liste-guetezeichentraeger-esg-hf","status":"publish","type":"page","link":"https:\/\/www.guetegemeinschaft-flachglas.de\/en\/liste-guetezeichentraeger-esg-hf\/","title":{"rendered":"Liste G\u00fctezeichentr\u00e4ger ESG-HF"},"content":{"rendered":"<p><div class=\"fusion-fullwidth fullwidth-box fusion-builder-row-1 fusion-flex-container has-pattern-background has-mask-background nonhundred-percent-fullwidth non-hundred-percent-height-scrolling\" style=\"--awb-border-radius-top-left:0px;--awb-border-radius-top-right:0px;--awb-border-radius-bottom-right:0px;--awb-border-radius-bottom-left:0px;--awb-flex-wrap:wrap;\" ><div class=\"fusion-builder-row fusion-row fusion-flex-align-items-flex-start fusion-flex-content-wrap\" style=\"max-width:1216.8px;margin-left: calc(-4% \/ 2 );margin-right: calc(-4% \/ 2 );\"><div class=\"fusion-layout-column fusion_builder_column fusion-builder-column-0 fusion_builder_column_1_1 1_1 fusion-flex-column\" style=\"--awb-bg-size:cover;--awb-border-color:var(--awb-color4);--awb-border-top:1px;--awb-border-bottom:1px;--awb-border-style:solid;--awb-width-large:100%;--awb-margin-top-large:0px;--awb-spacing-right-large:1.92%;--awb-margin-bottom-large:40px;--awb-spacing-left-large:1.92%;--awb-width-medium:100%;--awb-order-medium:0;--awb-spacing-right-medium:1.92%;--awb-spacing-left-medium:1.92%;--awb-width-small:100%;--awb-order-small:0;--awb-spacing-right-small:1.92%;--awb-spacing-left-small:1.92%;\"><div class=\"fusion-column-wrapper fusion-column-has-shadow fusion-flex-justify-content-flex-start fusion-content-layout-column\"><div class=\"fusion-text fusion-text-1\"><h1>List of TSG-HF Quality Mark Users<\/h1>\n<\/div><\/div><\/div><\/div><\/div><div class=\"fusion-fullwidth fullwidth-box fusion-builder-row-2 fusion-flex-container has-pattern-background has-mask-background nonhundred-percent-fullwidth non-hundred-percent-height-scrolling\" style=\"--awb-border-radius-top-left:0px;--awb-border-radius-top-right:0px;--awb-border-radius-bottom-right:0px;--awb-border-radius-bottom-left:0px;--awb-flex-wrap:wrap;\" ><div class=\"fusion-builder-row fusion-row fusion-flex-align-items-flex-start fusion-flex-content-wrap\" style=\"max-width:1216.8px;margin-left: calc(-4% \/ 2 );margin-right: calc(-4% \/ 2 );\"><div class=\"fusion-layout-column fusion_builder_column fusion-builder-column-1 fusion_builder_column_1_1 1_1 fusion-flex-column\" style=\"--awb-bg-size:cover;--awb-width-large:100%;--awb-margin-top-large:0px;--awb-spacing-right-large:1.92%;--awb-margin-bottom-large:20px;--awb-spacing-left-large:1.92%;--awb-width-medium:100%;--awb-order-medium:0;--awb-spacing-right-medium:1.92%;--awb-spacing-left-medium:1.92%;--awb-width-small:100%;--awb-order-small:0;--awb-spacing-right-small:1.92%;--awb-spacing-left-small:1.92%;\"><div class=\"fusion-column-wrapper fusion-column-has-shadow fusion-flex-justify-content-flex-start fusion-content-layout-column\"><div class=\"fusion-text fusion-text-2\"><p class=\"text\">\n<table id=\"tablepress-6\" class=\"tablepress tablepress-id-6\">\n<thead>\n<tr class=\"row-1 odd\">\n\t<th class=\"column-1\">Firma<\/th><th class=\"column-2\">Firmenzusatz<\/th><th class=\"column-3\">Stra\u00dfe<\/th><th class=\"column-4\">PLZ<\/th><th class=\"column-5\">Ort<\/th><th class=\"column-6\">Land<\/th><th class=\"column-7\">Telefon<\/th><th class=\"column-8\">Telefax<\/th><th class=\"column-9\">Website<\/th><th class=\"column-10\">E-Mail<\/th>\n<\/tr>\n<\/thead>\n<tbody class=\"row-hover\">\n<tr class=\"row-2 even\">\n\t<td class=\"column-1\">AGC INTERPANE Architectural Glass GmbH <\/td><td class=\"column-2\"><\/td><td class=\"column-3\">Robert-Bosch-Stra\u00dfe 2<\/td><td class=\"column-4\">94447<\/td><td class=\"column-5\">PLATTLING<\/td><td class=\"column-6\">DEUTSCHLAND<\/td><td class=\"column-7\">09931 950190<\/td><td class=\"column-8\">09931 950222<\/td><td class=\"column-9\">www.interpane.com<\/td><td class=\"column-10\"><\/td>\n<\/tr>\n<tr class=\"row-3 odd\">\n\t<td class=\"column-1\">AGC INTERPANE GmbH<\/td><td class=\"column-2\"><\/td><td class=\"column-3\">Maybachstra\u00dfe 5<\/td><td class=\"column-4\">31135<\/td><td class=\"column-5\">HILDESHEIM<\/td><td class=\"column-6\">DEUTSCHLAND<\/td><td class=\"column-7\">05121 7623-0<\/td><td class=\"column-8\">05121 7623-13<\/td><td class=\"column-9\">www.interpane.com<\/td><td class=\"column-10\">hildesheim@interpane.com<\/td>\n<\/tr>\n<tr class=\"row-4 even\">\n\t<td class=\"column-1\">AGC INTERPANE GmbH &amp; Co. KG<\/td><td class=\"column-2\"><\/td><td class=\"column-3\">Heidegasse 45<\/td><td class=\"column-4\">7111<\/td><td class=\"column-5\">PARNDORF<\/td><td class=\"column-6\">AUSTRIA<\/td><td class=\"column-7\">00432166 2325-0<\/td><td class=\"column-8\">00432166 232530<\/td><td class=\"column-9\">www.interpane.com<\/td><td class=\"column-10\">parndorf@interpane.com<\/td>\n<\/tr>\n<tr class=\"row-5 odd\">\n\t<td class=\"column-1\">AGC INTERPANE Safety Glass GmbH<\/td><td class=\"column-2\"><\/td><td class=\"column-3\">Talstra\u00dfe 2<\/td><td class=\"column-4\">08606<\/td><td class=\"column-5\">OELSNITZ (Vogtl.)<\/td><td class=\"column-6\">DEUTSCHLAND<\/td><td class=\"column-7\">037421 476 0<\/td><td class=\"column-8\">037421 476 95<\/td><td class=\"column-9\">www.agc-glass.eu<\/td><td class=\"column-10\">oelsnitz@agc.com<\/td>\n<\/tr>\n<tr class=\"row-6 even\">\n\t<td class=\"column-1\">BGT Bischoff Glastechnik GmbH<\/td><td class=\"column-2\"><\/td><td class=\"column-3\">Alexanderstra\u00dfe 2<\/td><td class=\"column-4\">75015<\/td><td class=\"column-5\">BRETTEN<\/td><td class=\"column-6\">DEUTSCHLAND<\/td><td class=\"column-7\">07252 503-0<\/td><td class=\"column-8\">07252 503-275<\/td><td class=\"column-9\">www.bgt.glass<\/td><td class=\"column-10\">info@bgt.glass<\/td>\n<\/tr>\n<tr class=\"row-7 odd\">\n\t<td class=\"column-1\">Brakeler Thermo-Glas GmbH<\/td><td class=\"column-2\"><\/td><td class=\"column-3\">Industriestra\u00dfe 38<\/td><td class=\"column-4\">33034<\/td><td class=\"column-5\">BRAKEL<\/td><td class=\"column-6\">DEUTSCHLAND<\/td><td class=\"column-7\">05272 6008-0<\/td><td class=\"column-8\">05272 6008-60<\/td><td class=\"column-9\">www.gkt-gruppe.de<\/td><td class=\"column-10\">info@gkt-gruppe.de<\/td>\n<\/tr>\n<tr class=\"row-8 even\">\n\t<td class=\"column-1\">Eckelt Glas GmbH<\/td><td class=\"column-2\"><\/td><td class=\"column-3\">Resthofstra\u00dfe 18<\/td><td class=\"column-4\">4400<\/td><td class=\"column-5\">STEYR<\/td><td class=\"column-6\">AUSTRIA<\/td><td class=\"column-7\">00437252 894-0<\/td><td class=\"column-8\">00437252 894-24<\/td><td class=\"column-9\">www.eckelt.at<\/td><td class=\"column-10\">office@eckelt.at<\/td>\n<\/tr>\n<tr class=\"row-9 odd\">\n\t<td class=\"column-1\">Flachglas Nord-Ost GmbH<\/td><td class=\"column-2\"><\/td><td class=\"column-3\">Am Schaugraben 1<\/td><td class=\"column-4\">39606<\/td><td class=\"column-5\">OSTERBURG<\/td><td class=\"column-6\">DEUTSCHLAND<\/td><td class=\"column-7\">03937 2222-0<\/td><td class=\"column-8\">03937 2222-47<\/td><td class=\"column-9\">www.flachglas-nordost.de<\/td><td class=\"column-10\">info@flachglas-nordost.de<\/td>\n<\/tr>\n<tr class=\"row-10 even\">\n\t<td class=\"column-1\">FLACHGLAS Wernberg GmbH<\/td><td class=\"column-2\"><\/td><td class=\"column-3\">N\u00fcrnberger Stra\u00dfe 140<\/td><td class=\"column-4\">92533<\/td><td class=\"column-5\">WERNBERG-K\u00d6BLITZ<\/td><td class=\"column-6\">DEUTSCHLAND<\/td><td class=\"column-7\">09604 48-0<\/td><td class=\"column-8\">09604 48-378<\/td><td class=\"column-9\">www.flachglas.de<\/td><td class=\"column-10\">info@flachglas.de<\/td>\n<\/tr>\n<tr class=\"row-11 odd\">\n\t<td class=\"column-1\">Glas Gasperlmair GmbH<\/td><td class=\"column-2\"><\/td><td class=\"column-3\">Schwaighof 105<\/td><td class=\"column-4\">5602 <\/td><td class=\"column-5\">WAGRAIN<\/td><td class=\"column-6\">AUSTRIA<\/td><td class=\"column-7\">00436413 8820<\/td><td class=\"column-8\">00436413 8820-33<\/td><td class=\"column-9\">www.glas-gasperlmair.at<\/td><td class=\"column-10\">office@glas-gasperlmair.at<\/td>\n<\/tr>\n<tr class=\"row-12 even\">\n\t<td class=\"column-1\">GLASTECH Verfahrensentwicklungs- und Produktions GmbH<\/td><td class=\"column-2\"><\/td><td class=\"column-3\">Theresienthalstra\u00dfe 27<\/td><td class=\"column-4\">3363<\/td><td class=\"column-5\">ULMERFELD-HAUSMENING<\/td><td class=\"column-6\">AUSTRIA<\/td><td class=\"column-7\">00437475 21621-0<\/td><td class=\"column-8\"><\/td><td class=\"column-9\">www.glastech.at<\/td><td class=\"column-10\">office@glastech.co.at<\/td>\n<\/tr>\n<tr class=\"row-13 odd\">\n\t<td class=\"column-1\">Glas Tr\u00f6sch GmbH<\/td><td class=\"column-2\"><\/td><td class=\"column-3\">Reuthebogen 6<\/td><td class=\"column-4\">89079<\/td><td class=\"column-5\">N\u00d6RDLINGEN<\/td><td class=\"column-6\">DEUTSCHLAND<\/td><td class=\"column-7\">09081 216-0<\/td><td class=\"column-8\">09081 216-299<\/td><td class=\"column-9\">www.glastroesch.de<\/td><td class=\"column-10\">noerdlingen@glastroesch.de<\/td>\n<\/tr>\n<tr class=\"row-14 even\">\n\t<td class=\"column-1\">Glas Tr\u00f6sch GmbH<\/td><td class=\"column-2\"><\/td><td class=\"column-3\">Felix und Naborstra\u00dfe 8<\/td><td class=\"column-4\">79189<\/td><td class=\"column-5\">BAD KROZINGEN<\/td><td class=\"column-6\">DEUTSCHLAND<\/td><td class=\"column-7\">07633 8009-0<\/td><td class=\"column-8\">07633 8009-67<\/td><td class=\"column-9\">www.glastroesch.de<\/td><td class=\"column-10\">badkrozingen@glastroesch.de<\/td>\n<\/tr>\n<tr class=\"row-15 odd\">\n\t<td class=\"column-1\">Glas Tr\u00f6sch GmbH<\/td><td class=\"column-2\"><\/td><td class=\"column-3\">Woringer Stra\u00dfe 17<\/td><td class=\"column-4\">87700<\/td><td class=\"column-5\">MEMMINGEN<\/td><td class=\"column-6\">DEUTSCHLAND<\/td><td class=\"column-7\">08331 853-0<\/td><td class=\"column-8\">08331 853-1400<\/td><td class=\"column-9\">www.glastroesch.de<\/td><td class=\"column-10\">memmingen@glastroesch.de<\/td>\n<\/tr>\n<tr class=\"row-16 even\">\n\t<td class=\"column-1\">Glas Tr\u00f6sch AG, Zweigniederlassung Isolier- und Sicherheitsglas<\/td><td class=\"column-2\"><\/td><td class=\"column-3\">Industriestra\u00dfe 29<\/td><td class=\"column-4\">4922<\/td><td class=\"column-5\">B\u00dcTZBERG<\/td><td class=\"column-6\">SCHWEIZ<\/td><td class=\"column-7\">004162958 51 51<\/td><td class=\"column-8\">004162958 27 62<\/td><td class=\"column-9\">www.glastroesch.ch<\/td><td class=\"column-10\">isobuetzberg@glastroesch.ch<\/td>\n<\/tr>\n<tr class=\"row-17 odd\">\n\t<td class=\"column-1\">Glas Tr\u00f6sch GmbH<\/td><td class=\"column-2\"><\/td><td class=\"column-3\">Els\u00e4sser Stra\u00dfe 6<\/td><td class=\"column-4\">88512<\/td><td class=\"column-5\">MENGEN<\/td><td class=\"column-6\">DEUTSCHLAND<\/td><td class=\"column-7\">07572 76700 -100<\/td><td class=\"column-8\">07572 76700 - 999<\/td><td class=\"column-9\">www.glastroesch.de<\/td><td class=\"column-10\">mengen@glastroesch.de<\/td>\n<\/tr>\n<tr class=\"row-18 even\">\n\t<td class=\"column-1\">Glas Tr\u00f6sch AG, Zweigniederlassung Gossau<\/td><td class=\"column-2\"><\/td><td class=\"column-3\">Wehrstra\u00dfe 10<\/td><td class=\"column-4\">9015<\/td><td class=\"column-5\">ST. GALLEN-WINKELN<\/td><td class=\"column-6\">SCHWEIZ<\/td><td class=\"column-7\">004171 3130202<\/td><td class=\"column-8\">004171 3130203<\/td><td class=\"column-9\">www.glastroesch.ch<\/td><td class=\"column-10\">infostgallen@glastroesch.ch<\/td>\n<\/tr>\n<tr class=\"row-19 odd\">\n\t<td class=\"column-1\">Glas Tr\u00f6sch S\u00e9curit\u00e9 S.A.S.<\/td><td class=\"column-2\"><\/td><td class=\"column-3\">ZI de la Doller, Rue du Ballon d'Alsace 2<\/td><td class=\"column-4\">68520<\/td><td class=\"column-5\">BURNHAUPT-LE-HAUT<\/td><td class=\"column-6\">FRANKREICH<\/td><td class=\"column-7\">0033389 83 12 12<\/td><td class=\"column-8\">0033389 62 78 78<\/td><td class=\"column-9\">www.glastroesch.com<\/td><td class=\"column-10\">GTS@glastroesch.com<\/td>\n<\/tr>\n<tr class=\"row-20 even\">\n\t<td class=\"column-1\">Glassense AS Kolu<\/td><td class=\"column-2\"><\/td><td class=\"column-3\">Kose vald<\/td><td class=\"column-4\">75121<\/td><td class=\"column-5\">HARJU MAAKOND<\/td><td class=\"column-6\">ESTLAND<\/td><td class=\"column-7\">+372 676 6580<\/td><td class=\"column-8\"><\/td><td class=\"column-9\">www.glassense.com<\/td><td class=\"column-10\">kolu@glassense.com<\/td>\n<\/tr>\n<tr class=\"row-21 odd\">\n\t<td class=\"column-1\">Glassense AS Tartu<\/td><td class=\"column-2\"><\/td><td class=\"column-3\">L\u00e4\u00e4neringtee 4<\/td><td class=\"column-4\">50407 <\/td><td class=\"column-5\">TARTU<\/td><td class=\"column-6\">ESTLAND<\/td><td class=\"column-7\">+372 730 0220<\/td><td class=\"column-8\"><\/td><td class=\"column-9\">www.glassense.com<\/td><td class=\"column-10\">tartu@glassense.com<\/td>\n<\/tr>\n<tr class=\"row-22 even\">\n\t<td class=\"column-1\">Glas Wulfmeier GmbH<\/td><td class=\"column-2\"><\/td><td class=\"column-3\">Eckendorfer Str. 45-47<\/td><td class=\"column-4\">33609<\/td><td class=\"column-5\">BIELEFELD<\/td><td class=\"column-6\">DEUTSCHLAND<\/td><td class=\"column-7\">0521 30301-30<\/td><td class=\"column-8\">0521 30301-50<\/td><td class=\"column-9\">www.glas-wulfmeier.de<\/td><td class=\"column-10\">info@glas-wulfmeier.de<\/td>\n<\/tr>\n<tr class=\"row-23 odd\">\n\t<td class=\"column-1\">Glashandelsgesellschaft Profi mbH<\/td><td class=\"column-2\"><\/td><td class=\"column-3\">Sch\u00f6ningerstra\u00dfe 19<\/td><td class=\"column-4\">92706<\/td><td class=\"column-5\">LUHE-WILDENAU<\/td><td class=\"column-6\">DEUTSCHLAND<\/td><td class=\"column-7\">09558 917-0<\/td><td class=\"column-8\">09558 917-130<\/td><td class=\"column-9\">www.glasprofi.de<\/td><td class=\"column-10\">info@glasprofi.de<\/td>\n<\/tr>\n<tr class=\"row-24 even\">\n\t<td class=\"column-1\">IM-COMP d.o.o.<\/td><td class=\"column-2\"><\/td><td class=\"column-3\">Luje Bezederija 47<\/td><td class=\"column-4\">40 000<\/td><td class=\"column-5\">\u010cAKOVEC<\/td><td class=\"column-6\">CROATIEN<\/td><td class=\"column-7\">0038540 360-766<\/td><td class=\"column-8\">0038540 360-744<\/td><td class=\"column-9\">www.imcomp.hr<\/td><td class=\"column-10\">ksenija@imcomp.hr<\/td>\n<\/tr>\n<tr class=\"row-25 odd\">\n\t<td class=\"column-1\">Pilkington Austria GmbH<\/td><td class=\"column-2\"><\/td><td class=\"column-3\">Werksgel\u00e4nde 24<\/td><td class=\"column-4\">5500<\/td><td class=\"column-5\">BISCHOFSHOFEN<\/td><td class=\"column-6\">AUSTRIA<\/td><td class=\"column-7\">00436462 4699-0<\/td><td class=\"column-8\">00436462 4699-1203<\/td><td class=\"column-9\">www.pilkington.at<\/td><td class=\"column-10\">info.bischofshofen@pilkington.at<\/td>\n<\/tr>\n<tr class=\"row-26 even\">\n\t<td class=\"column-1\">Q4Glass sp. z o.o.<\/td><td class=\"column-2\"><\/td><td class=\"column-3\">ul. BoWiD 10<\/td><td class=\"column-4\">75-209<\/td><td class=\"column-5\">KOSZALIN<\/td><td class=\"column-6\">POLEN<\/td><td class=\"column-7\">0048 696090222<\/td><td class=\"column-8\"><\/td><td class=\"column-9\">www.q4glass.pl<\/td><td class=\"column-10\">bartek.jankowiak@q4glass.pl<\/td>\n<\/tr>\n<tr class=\"row-27 odd\">\n\t<td class=\"column-1\">Scheuten Glas Nederland BV - GTU<\/td><td class=\"column-2\"><\/td><td class=\"column-3\">Magalhaesweg 6<\/td><td class=\"column-4\">5928<\/td><td class=\"column-5\">LN VENLO<\/td><td class=\"column-6\">NIEDERLANDE<\/td><td class=\"column-7\">003177 3599 222<\/td><td class=\"column-8\"><\/td><td class=\"column-9\">www.scheuten.com<\/td><td class=\"column-10\">info@scheuten.com<\/td>\n<\/tr>\n<tr class=\"row-28 even\">\n\t<td class=\"column-1\">Thermopor Glas GmbH<\/td><td class=\"column-2\"><\/td><td class=\"column-3\">Am Buschfeld 9<\/td><td class=\"column-4\">52399<\/td><td class=\"column-5\">MERZENICH<\/td><td class=\"column-6\">DEUTSCHLAND<\/td><td class=\"column-7\">02421 9766-0<\/td><td class=\"column-8\">02421 9766-55<\/td><td class=\"column-9\">www.thermopor-glas.de<\/td><td class=\"column-10\">info@thermopor-glas.de<\/td>\n<\/tr>\n<tr class=\"row-29 odd\">\n\t<td class=\"column-1\">Tvitec System Glass S. L.<\/td><td class=\"column-2\"><\/td><td class=\"column-3\">Poligono Industrial el Bayo Parcela 19<\/td><td class=\"column-4\">24492<\/td><td class=\"column-5\">CUBILLOS DEL SIL \/ LE\u00d3N<\/td><td class=\"column-6\">SPAIN<\/td><td class=\"column-7\">0034987 021 925<\/td><td class=\"column-8\"><\/td><td class=\"column-9\">www.tvitecglass.com<\/td><td class=\"column-10\">info@tvitec.com<\/td>\n<\/tr>\n<\/tbody>\n<\/table>\n<!-- #tablepress-6 from cache --><\/p>\n<\/div><\/div><\/div><\/div><\/div><\/p>\n","protected":false},"excerpt":{"rendered":"","protected":false},"author":1,"featured_media":0,"parent":0,"menu_order":0,"comment_status":"closed","ping_status":"closed","template":"100-width.php","meta":{"footnotes":""},"class_list":["post-9280","page","type-page","status-publish","hentry"],"_links":{"self":[{"href":"https:\/\/www.guetegemeinschaft-flachglas.de\/en\/wp-json\/wp\/v2\/pages\/9280","targetHints":{"allow":["GET"]}}],"collection":[{"href":"https:\/\/www.guetegemeinschaft-flachglas.de\/en\/wp-json\/wp\/v2\/pages"}],"about":[{"href":"https:\/\/www.guetegemeinschaft-flachglas.de\/en\/wp-json\/wp\/v2\/types\/page"}],"author":[{"embeddable":true,"href":"https:\/\/www.guetegemeinschaft-flachglas.de\/en\/wp-json\/wp\/v2\/users\/1"}],"replies":[{"embeddable":true,"href":"https:\/\/www.guetegemeinschaft-flachglas.de\/en\/wp-json\/wp\/v2\/comments?post=9280"}],"version-history":[{"count":2,"href":"https:\/\/www.guetegemeinschaft-flachglas.de\/en\/wp-json\/wp\/v2\/pages\/9280\/revisions"}],"predecessor-version":[{"id":9578,"href":"https:\/\/www.guetegemeinschaft-flachglas.de\/en\/wp-json\/wp\/v2\/pages\/9280\/revisions\/9578"}],"wp:attachment":[{"href":"https:\/\/www.guetegemeinschaft-flachglas.de\/en\/wp-json\/wp\/v2\/media?parent=9280"}],"curies":[{"name":"wp","href":"https:\/\/api.w.org\/{rel}","templated":true}]}}