{"id":9319,"date":"2022-10-31T15:04:22","date_gmt":"2022-10-31T14:04:22","guid":{"rendered":"https:\/\/www.guetegemeinschaft-flachglas.de\/ueberwachung-beschichtungen\/"},"modified":"2022-12-02T16:42:36","modified_gmt":"2022-12-02T15:42:36","slug":"ueberwachung-beschichtungen","status":"publish","type":"page","link":"https:\/\/www.guetegemeinschaft-flachglas.de\/en\/ueberwachung-beschichtungen\/","title":{"rendered":"\u00dcberwachung Beschichtungen"},"content":{"rendered":"<p><div class=\"fusion-fullwidth fullwidth-box fusion-builder-row-1 fusion-flex-container has-pattern-background has-mask-background nonhundred-percent-fullwidth non-hundred-percent-height-scrolling\" style=\"--awb-border-radius-top-left:0px;--awb-border-radius-top-right:0px;--awb-border-radius-bottom-right:0px;--awb-border-radius-bottom-left:0px;--awb-flex-wrap:wrap;\" ><div class=\"fusion-builder-row fusion-row fusion-flex-align-items-flex-start fusion-flex-content-wrap\" style=\"max-width:1216.8px;margin-left: calc(-4% \/ 2 );margin-right: calc(-4% \/ 2 );\"><div class=\"fusion-layout-column fusion_builder_column fusion-builder-column-0 fusion_builder_column_1_1 1_1 fusion-flex-column\" style=\"--awb-bg-size:cover;--awb-border-color:var(--awb-color4);--awb-border-top:1px;--awb-border-bottom:1px;--awb-border-style:solid;--awb-width-large:100%;--awb-margin-top-large:0px;--awb-spacing-right-large:1.92%;--awb-margin-bottom-large:40px;--awb-spacing-left-large:1.92%;--awb-width-medium:100%;--awb-order-medium:0;--awb-spacing-right-medium:1.92%;--awb-spacing-left-medium:1.92%;--awb-width-small:100%;--awb-order-small:0;--awb-spacing-right-small:1.92%;--awb-spacing-left-small:1.92%;\"><div class=\"fusion-column-wrapper fusion-column-has-shadow fusion-flex-justify-content-flex-start fusion-content-layout-column\"><div class=\"fusion-text fusion-text-1\"><h1 class=\"\">Monitoring coatings<\/h1>\n<\/div><\/div><\/div><\/div><\/div><div class=\"fusion-fullwidth fullwidth-box fusion-builder-row-2 fusion-flex-container has-pattern-background has-mask-background nonhundred-percent-fullwidth non-hundred-percent-height-scrolling\" style=\"--awb-border-radius-top-left:0px;--awb-border-radius-top-right:0px;--awb-border-radius-bottom-right:0px;--awb-border-radius-bottom-left:0px;--awb-flex-wrap:wrap;\" ><div class=\"fusion-builder-row fusion-row fusion-flex-align-items-flex-start fusion-flex-content-wrap\" style=\"max-width:1216.8px;margin-left: calc(-4% \/ 2 );margin-right: calc(-4% \/ 2 );\"><div class=\"fusion-layout-column fusion_builder_column fusion-builder-column-1 fusion_builder_column_1_1 1_1 fusion-flex-column\" style=\"--awb-bg-size:cover;--awb-width-large:100%;--awb-margin-top-large:0px;--awb-spacing-right-large:1.92%;--awb-margin-bottom-large:20px;--awb-spacing-left-large:1.92%;--awb-width-medium:100%;--awb-order-medium:0;--awb-spacing-right-medium:1.92%;--awb-spacing-left-medium:1.92%;--awb-width-small:100%;--awb-order-small:0;--awb-spacing-right-small:1.92%;--awb-spacing-left-small:1.92%;\"><div class=\"fusion-column-wrapper fusion-column-has-shadow fusion-flex-justify-content-flex-start fusion-content-layout-column\"><div class=\"fusion-text fusion-text-2\"><p>According to the Quality and Inspection Regulations, coated glass products from an externally monitored manufacturer must be used for insulating glass units with RAL-GZ 520. For this purpose, the coating company must present the manufacturer of insulating glass units with a declaration of performance in accordance with DIN EN 1096-4 for the solar characteristics in accordance with DIN EN 410 and for emissivity in accordance with DIN EN 12898.<\/p>\n<p>External monitoring of the coating company must be based on a testing and inspection programme specified by GGF. Information on the certification programme, the certified companies and certified coated glass products can be found here:<\/p>\n<p><strong><a href=\"https:\/\/www.ift-rosenheim.de\/qm-308\" target=\"_blank\" rel=\"noopener\">ift Rosenheim GmbH<\/a><\/strong><br \/>\nTheodor-Gietl-Str. 7-9<br \/>\nD-83026 Rosenheim<br \/>\nZertifizierungsprogramm QM 308 Beschichtete Glasprodukte<br \/>\nInfo: Freie Suche nach Unternehmen, Ort, Produkt, Zertifizierungsgegenstand, Zertifikats-ID (XXX-XXXXX), Zertifikatsnummer m\u00f6glich.<\/p>\n<p><strong><a href=\"https:\/\/butgb-ubatc.be\/en\/\" target=\"_blank\" rel=\"noopener\">UBAtc asbl<\/a><\/strong><br \/>\nUnion belge pour l\u2019Agr\u00e9ment technique de la Construction asbl<br \/>\nRue du Lombard 42<br \/>\nB-1000 Br\u00fcssel<br \/>\nZertifizierungsprogramm UEAtc Guide technique pour les verres \u00e0 couches<br \/>\nInfo: Freie Stichwortsuche nach ATG\/ETA Referenz, Produktname, Hersteller oder Anwendung. ATG-Zertifikate (ATG = agr\u00e9ment technique avec certification) sind nur in Franz\u00f6sisch oder Niederl\u00e4ndisch zum Download verf\u00fcgbar.<\/p>\n<p><strong><a href=\"https:\/\/www.guetegemeinschaft-flachglas.de\/wp-content\/uploads\/2022\/10\/Kiwa_220330_Fremdueberwachte_Firmen_-_Aufstellung_fuer_Website_1.pdf\" target=\"_blank\" rel=\"noopener\">Kiwa GmbH<\/a><br \/>\n<\/strong>Gutenbergstra\u00dfe 29<br \/>\n48268 Greven<br \/>\nZertifizierungsprogramm f\u00fcr die \u00dcberwachung von beschichteten Glasprodukten<br \/>\nInfo: \u00dcberwachte Firmen: Semcoglas Glastechnik GmbH, 17034 Neubrandenburg; Guardian Flachglas GmbH, 06766 Bitterfeld-Wolfen.<\/p>\n<p><em>Stand: 5.4.2022, IMQ<\/em><\/p>\n<\/div><\/div><\/div><\/div><\/div><div class=\"fusion-fullwidth fullwidth-box fusion-builder-row-3 fusion-flex-container nonhundred-percent-fullwidth non-hundred-percent-height-scrolling\" style=\"--awb-border-radius-top-left:0px;--awb-border-radius-top-right:0px;--awb-border-radius-bottom-right:0px;--awb-border-radius-bottom-left:0px;--awb-flex-wrap:wrap;\" ><div class=\"fusion-builder-row fusion-row fusion-flex-align-items-flex-start fusion-flex-content-wrap\" style=\"max-width:1216.8px;margin-left: calc(-4% \/ 2 );margin-right: calc(-4% \/ 2 );\"><div class=\"fusion-layout-column fusion_builder_column fusion-builder-column-2 fusion_builder_column_1_1 1_1 fusion-flex-column\" style=\"--awb-bg-size:cover;--awb-width-large:100%;--awb-margin-top-large:0px;--awb-spacing-right-large:1.92%;--awb-margin-bottom-large:20px;--awb-spacing-left-large:1.92%;--awb-width-medium:100%;--awb-order-medium:0;--awb-spacing-right-medium:1.92%;--awb-spacing-left-medium:1.92%;--awb-width-small:100%;--awb-order-small:0;--awb-spacing-right-small:1.92%;--awb-spacing-left-small:1.92%;\"><div class=\"fusion-column-wrapper fusion-column-has-shadow fusion-flex-justify-content-flex-start fusion-content-layout-column\"><div class=\"fusion-separator fusion-full-width-sep\" style=\"align-self: center;margin-left: auto;margin-right: auto;margin-top:30px;margin-bottom:30px;width:100%;\"><div class=\"fusion-separator-border sep-single sep-solid\" style=\"--awb-height:20px;--awb-amount:20px;--awb-sep-color:var(--awb-color5);border-color:var(--awb-color5);border-top-width:2px;\"><\/div><\/div><\/div><\/div><\/div><\/div><\/p>\n","protected":false},"excerpt":{"rendered":"","protected":false},"author":1,"featured_media":0,"parent":0,"menu_order":0,"comment_status":"closed","ping_status":"closed","template":"100-width.php","meta":{"footnotes":""},"class_list":["post-9319","page","type-page","status-publish","hentry"],"_links":{"self":[{"href":"https:\/\/www.guetegemeinschaft-flachglas.de\/en\/wp-json\/wp\/v2\/pages\/9319","targetHints":{"allow":["GET"]}}],"collection":[{"href":"https:\/\/www.guetegemeinschaft-flachglas.de\/en\/wp-json\/wp\/v2\/pages"}],"about":[{"href":"https:\/\/www.guetegemeinschaft-flachglas.de\/en\/wp-json\/wp\/v2\/types\/page"}],"author":[{"embeddable":true,"href":"https:\/\/www.guetegemeinschaft-flachglas.de\/en\/wp-json\/wp\/v2\/users\/1"}],"replies":[{"embeddable":true,"href":"https:\/\/www.guetegemeinschaft-flachglas.de\/en\/wp-json\/wp\/v2\/comments?post=9319"}],"version-history":[{"count":2,"href":"https:\/\/www.guetegemeinschaft-flachglas.de\/en\/wp-json\/wp\/v2\/pages\/9319\/revisions"}],"predecessor-version":[{"id":9338,"href":"https:\/\/www.guetegemeinschaft-flachglas.de\/en\/wp-json\/wp\/v2\/pages\/9319\/revisions\/9338"}],"wp:attachment":[{"href":"https:\/\/www.guetegemeinschaft-flachglas.de\/en\/wp-json\/wp\/v2\/media?parent=9319"}],"curies":[{"name":"wp","href":"https:\/\/api.w.org\/{rel}","templated":true}]}}